{"id":652,"date":"2023-05-09T00:41:31","date_gmt":"2023-05-09T00:41:31","guid":{"rendered":"https:\/\/theeventcancun.com\/?page_id=652"},"modified":"2026-01-21T04:11:26","modified_gmt":"2026-01-21T04:11:26","slug":"gallery","status":"publish","type":"page","link":"https:\/\/theeventcancun.com\/es\/galeria\/","title":{"rendered":"Gallery"},"content":{"rendered":"<div data-elementor-type=\"wp-page\" data-elementor-id=\"652\" class=\"elementor elementor-652\" data-elementor-post-type=\"page\">\n\t\t\t\t\t\t\t<section class=\"elementor-element elementor-element-719280d ken_b_center e-flex e-con-boxed e-con\" data-id=\"719280d\" data-element_type=\"container\" data-settings=\"{&quot;background_background&quot;:&quot;classic&quot;,&quot;content_width&quot;:&quot;boxed&quot;}\">\n\t\t\t\t\t<div class=\"e-con-inner\">\n\t\t<div class=\"elementor-element elementor-element-783306d e-flex e-con-boxed e-con\" data-id=\"783306d\" data-element_type=\"container\" data-settings=\"{&quot;content_width&quot;:&quot;boxed&quot;}\">\n\t\t\t\t\t<div class=\"e-con-inner\">\n\t\t\t\t<div class=\"elementor-element elementor-element-07c25ac animated-slow elementor-invisible elementor-widget elementor-widget-heading\" data-id=\"07c25ac\" data-element_type=\"widget\" data-settings=\"{&quot;_animation&quot;:&quot;fadeIn&quot;}\" data-widget_type=\"heading.default\">\n\t\t\t\t<div class=\"elementor-widget-container\">\n\t\t\t<style>\/*! elementor - v3.14.0 - 18-06-2023 *\/\n.elementor-heading-title{padding:0;margin:0;line-height:1}.elementor-widget-heading .elementor-heading-title[class*=elementor-size-]>a{color:inherit;font-size:inherit;line-height:inherit}.elementor-widget-heading .elementor-heading-title.elementor-size-small{font-size:15px}.elementor-widget-heading .elementor-heading-title.elementor-size-medium{font-size:19px}.elementor-widget-heading .elementor-heading-title.elementor-size-large{font-size:29px}.elementor-widget-heading .elementor-heading-title.elementor-size-xl{font-size:39px}.elementor-widget-heading .elementor-heading-title.elementor-size-xxl{font-size:59px}<\/style><h1 class=\"elementor-heading-title elementor-size-default\">Nuestros clientes<\/h1>\t\t<\/div>\n\t\t\t\t<\/div>\n\t\t\t\t\t<\/div>\n\t\t\t\t<\/div>\n\t\t\t\t\t<\/div>\n\t\t\t\t<\/section>\n\t\t<section class=\"elementor-element elementor-element-763aa96 e-con-full e-flex e-con\" data-id=\"763aa96\" data-element_type=\"container\" data-settings=\"{&quot;content_width&quot;:&quot;full&quot;}\">\n\t\t<div class=\"elementor-element elementor-element-feeaf88 e-flex e-con-boxed e-con\" data-id=\"feeaf88\" data-element_type=\"container\" data-settings=\"{&quot;content_width&quot;:&quot;boxed&quot;}\">\n\t\t\t\t\t<div class=\"e-con-inner\">\n\t\t\t\t<div class=\"elementor-element elementor-element-f565ffa elementor-widget elementor-widget-ucaddon_uc_tiles_columns_image\" data-id=\"f565ffa\" data-element_type=\"widget\" data-widget_type=\"ucaddon_uc_tiles_columns_image.default\">\n\t\t\t\t<div class=\"elementor-widget-container\">\n\t\t\t<!-- start Masonry Gallery -->\n\t\t<link id='unitegallery-css' href='https:\/\/theeventcancun.com\/wp-content\/plugins\/unlimited-elements-for-elementor-premium\/assets_libraries\/unitegallery\/css\/unite-gallery.css' type='text\/css' rel='stylesheet' >\n\t\t<link id='uc_ac_assets_file_uc_columns_unite_gallery_css_37416-css' href='https:\/\/theeventcancun.com\/wp-content\/uploads\/ac_assets\/uc_tiles_columns_image\/uc-columns-unite-gallery.css' type='text\/css' rel='stylesheet' >\n\n\n\t\t\t<div id=\"uc_uc_tiles_columns_image_elementor_f565ffa\" style=\"display:none;\" class=\"uc-items-wrapper\" data-custom-sethtml=\"true\" >\n\n\n<img decoding=\"async\" alt=\"\"\n   src=\"https:\/\/theeventcancun.com\/wp-content\/uploads\/2023\/05\/WhatsApp-Image-2023-05-07-at-5.30.17-PM-3.jpeg\"\n    data-image=\"https:\/\/theeventcancun.com\/wp-content\/uploads\/2023\/05\/WhatsApp-Image-2023-05-07-at-5.30.17-PM-3.jpeg\">\n\n<img decoding=\"async\" alt=\"\"\n   src=\"https:\/\/theeventcancun.com\/wp-content\/uploads\/2023\/05\/WhatsApp-Image-2023-05-07-at-5.30.17-PM-2.jpeg\"\n    data-image=\"https:\/\/theeventcancun.com\/wp-content\/uploads\/2023\/05\/WhatsApp-Image-2023-05-07-at-5.30.17-PM-2.jpeg\">\n\n<img decoding=\"async\" alt=\"\"\n   src=\"https:\/\/theeventcancun.com\/wp-content\/uploads\/2023\/05\/WhatsApp-Image-2023-05-07-at-5.30.17-PM-1-1.jpeg\"\n    data-image=\"https:\/\/theeventcancun.com\/wp-content\/uploads\/2023\/05\/WhatsApp-Image-2023-05-07-at-5.30.17-PM-1-1.jpeg\">\n\n<img decoding=\"async\" alt=\"\"\n   src=\"https:\/\/theeventcancun.com\/wp-content\/uploads\/2023\/05\/WhatsApp-Image-2023-05-07-at-5.30.17-PM.jpeg\"\n    data-image=\"https:\/\/theeventcancun.com\/wp-content\/uploads\/2023\/05\/WhatsApp-Image-2023-05-07-at-5.30.17-PM.jpeg\">\n\n<img decoding=\"async\" alt=\"\"\n   src=\"https:\/\/theeventcancun.com\/wp-content\/uploads\/2023\/05\/2.png\"\n    data-image=\"https:\/\/theeventcancun.com\/wp-content\/uploads\/2023\/05\/2.png\"\n    data-type=\"html5video\"\n    data-videomp4=\"https:\/\/theeventcancun.com\/wp-content\/uploads\/2023\/05\/WhatsApp-Video-2023-05-04-at-7.48.16-PM.mp4\">\n\n<img decoding=\"async\" alt=\"\"\n   src=\"https:\/\/theeventcancun.com\/wp-content\/uploads\/2023\/05\/WhatsApp-Image-2023-05-04-at-6.19.09-PM.jpeg\"\n    data-image=\"https:\/\/theeventcancun.com\/wp-content\/uploads\/2023\/05\/WhatsApp-Image-2023-05-04-at-6.19.09-PM.jpeg\">\n\n<img decoding=\"async\" alt=\"\"\n   src=\"https:\/\/theeventcancun.com\/wp-content\/uploads\/2023\/05\/WhatsApp-Image-2023-05-04-at-6.31.39-PM-1.jpeg\"\n    data-image=\"https:\/\/theeventcancun.com\/wp-content\/uploads\/2023\/05\/WhatsApp-Image-2023-05-04-at-6.31.39-PM-1.jpeg\">\n\n<img decoding=\"async\" alt=\"\"\n   src=\"https:\/\/theeventcancun.com\/wp-content\/uploads\/2023\/05\/WhatsApp-Image-2023-05-04-at-6.26.03-PM-2.jpeg\"\n    data-image=\"https:\/\/theeventcancun.com\/wp-content\/uploads\/2023\/05\/WhatsApp-Image-2023-05-04-at-6.26.03-PM-2.jpeg\">\n\n<img decoding=\"async\" alt=\"\"\n   src=\"https:\/\/theeventcancun.com\/wp-content\/uploads\/2023\/05\/3.png\"\n    data-image=\"https:\/\/theeventcancun.com\/wp-content\/uploads\/2023\/05\/3.png\"\n    data-type=\"html5video\"\n    data-videomp4=\"https:\/\/theeventcancun.com\/wp-content\/uploads\/2023\/05\/WhatsApp-Video-2023-05-04-at-7.48.05-PM.mp4\">\n\n<img decoding=\"async\" alt=\"\"\n   src=\"https:\/\/theeventcancun.com\/wp-content\/uploads\/2023\/05\/1.png\"\n    data-image=\"https:\/\/theeventcancun.com\/wp-content\/uploads\/2023\/05\/1.png\"\n    data-type=\"html5video\"\n    data-videomp4=\"https:\/\/theeventcancun.com\/wp-content\/uploads\/2023\/05\/WhatsApp-Video-2023-05-04-at-7.48.25-PM.mp4\">\n\n<img decoding=\"async\" alt=\"\"\n   src=\"https:\/\/theeventcancun.com\/wp-content\/uploads\/2023\/05\/WhatsApp-Image-2023-05-04-at-6.26.03-PM-1-1.jpeg\"\n    data-image=\"https:\/\/theeventcancun.com\/wp-content\/uploads\/2023\/05\/WhatsApp-Image-2023-05-04-at-6.26.03-PM-1-1.jpeg\">\n\n<img decoding=\"async\" alt=\"\"\n   src=\"https:\/\/theeventcancun.com\/wp-content\/uploads\/2023\/05\/WhatsApp-Image-2023-05-04-at-6.26.03-PM.jpeg\"\n    data-image=\"https:\/\/theeventcancun.com\/wp-content\/uploads\/2023\/05\/WhatsApp-Image-2023-05-04-at-6.26.03-PM.jpeg\">\n\n<img decoding=\"async\" alt=\"\"\n   src=\"https:\/\/theeventcancun.com\/wp-content\/uploads\/2023\/05\/WhatsApp-Image-2023-05-04-at-6.26.02-PM.jpeg\"\n    data-image=\"https:\/\/theeventcancun.com\/wp-content\/uploads\/2023\/05\/WhatsApp-Image-2023-05-04-at-6.26.02-PM.jpeg\">\n\n<img decoding=\"async\" alt=\"\"\n   src=\"https:\/\/theeventcancun.com\/wp-content\/uploads\/2025\/11\/WhatsApp-Image-2025-11-24-at-11.17.23-AM.jpeg\"\n    data-image=\"https:\/\/theeventcancun.com\/wp-content\/uploads\/2025\/11\/WhatsApp-Image-2025-11-24-at-11.17.23-AM.jpeg\">\n\n<img decoding=\"async\" alt=\"\"\n   src=\"https:\/\/theeventcancun.com\/wp-content\/uploads\/2025\/11\/WhatsApp-Image-2025-11-24-at-11.17.23-AM-1.jpeg\"\n    data-image=\"https:\/\/theeventcancun.com\/wp-content\/uploads\/2025\/11\/WhatsApp-Image-2025-11-24-at-11.17.23-AM-1.jpeg\">\n\n<img decoding=\"async\" alt=\"\"\n   src=\"https:\/\/theeventcancun.com\/wp-content\/uploads\/2025\/11\/WhatsApp-Image-2025-11-24-at-11.17.23-AM-2.jpeg\"\n    data-image=\"https:\/\/theeventcancun.com\/wp-content\/uploads\/2025\/11\/WhatsApp-Image-2025-11-24-at-11.17.23-AM-2.jpeg\">\n\n<img decoding=\"async\" alt=\"\"\n   src=\"https:\/\/theeventcancun.com\/wp-content\/uploads\/2025\/11\/WhatsApp-Image-2025-11-24-at-11.16.32-AM.jpeg\"\n    data-image=\"https:\/\/theeventcancun.com\/wp-content\/uploads\/2025\/11\/WhatsApp-Image-2025-11-24-at-11.16.32-AM.jpeg\">\n\n<img decoding=\"async\" alt=\"\"\n   src=\"https:\/\/theeventcancun.com\/wp-content\/uploads\/2025\/11\/WhatsApp-Image-2025-11-24-at-11.16.32-AM-1.jpeg\"\n    data-image=\"https:\/\/theeventcancun.com\/wp-content\/uploads\/2025\/11\/WhatsApp-Image-2025-11-24-at-11.16.32-AM-1.jpeg\">\n\n<img decoding=\"async\" alt=\"\"\n   src=\"https:\/\/theeventcancun.com\/wp-content\/uploads\/2025\/11\/WhatsApp-Image-2025-11-24-at-11.16.31-AM.jpeg\"\n    data-image=\"https:\/\/theeventcancun.com\/wp-content\/uploads\/2025\/11\/WhatsApp-Image-2025-11-24-at-11.16.31-AM.jpeg\">\n\n<img decoding=\"async\" alt=\"\"\n   src=\"https:\/\/theeventcancun.com\/wp-content\/uploads\/2025\/11\/WhatsApp-Image-2025-11-24-at-11.16.31-AM-7.jpeg\"\n    data-image=\"https:\/\/theeventcancun.com\/wp-content\/uploads\/2025\/11\/WhatsApp-Image-2025-11-24-at-11.16.31-AM-7.jpeg\">\n\n<img decoding=\"async\" alt=\"\"\n   src=\"https:\/\/theeventcancun.com\/wp-content\/uploads\/2025\/11\/WhatsApp-Image-2025-11-24-at-11.16.31-AM-5.jpeg\"\n    data-image=\"https:\/\/theeventcancun.com\/wp-content\/uploads\/2025\/11\/WhatsApp-Image-2025-11-24-at-11.16.31-AM-5.jpeg\">\n\n<img decoding=\"async\" alt=\"\"\n   src=\"https:\/\/theeventcancun.com\/wp-content\/uploads\/2025\/11\/WhatsApp-Image-2025-11-24-at-11.16.31-AM-4.jpeg\"\n    data-image=\"https:\/\/theeventcancun.com\/wp-content\/uploads\/2025\/11\/WhatsApp-Image-2025-11-24-at-11.16.31-AM-4.jpeg\">\n\n<img decoding=\"async\" alt=\"\"\n   src=\"https:\/\/theeventcancun.com\/wp-content\/uploads\/2025\/11\/WhatsApp-Image-2025-11-24-at-11.16.31-AM-3.jpeg\"\n    data-image=\"https:\/\/theeventcancun.com\/wp-content\/uploads\/2025\/11\/WhatsApp-Image-2025-11-24-at-11.16.31-AM-3.jpeg\">\n\n<img decoding=\"async\" alt=\"\"\n   src=\"https:\/\/theeventcancun.com\/wp-content\/uploads\/2025\/11\/WhatsApp-Image-2025-11-24-at-11.16.31-AM-2.jpeg\"\n    data-image=\"https:\/\/theeventcancun.com\/wp-content\/uploads\/2025\/11\/WhatsApp-Image-2025-11-24-at-11.16.31-AM-2.jpeg\">\n\n<img decoding=\"async\" alt=\"\"\n   src=\"https:\/\/theeventcancun.com\/wp-content\/uploads\/2025\/11\/WhatsApp-Image-2025-11-24-at-11.16.31-AM-6.jpeg\"\n    data-image=\"https:\/\/theeventcancun.com\/wp-content\/uploads\/2025\/11\/WhatsApp-Image-2025-11-24-at-11.16.31-AM-6.jpeg\">\n\n<img decoding=\"async\" alt=\"\"\n   src=\"https:\/\/theeventcancun.com\/wp-content\/uploads\/2026\/01\/xcaret-30-scaled.jpg\"\n    data-image=\"https:\/\/theeventcancun.com\/wp-content\/uploads\/2026\/01\/xcaret-30-scaled.jpg\">\n\n<img decoding=\"async\" alt=\"\"\n   src=\"https:\/\/theeventcancun.com\/wp-content\/uploads\/2026\/01\/xcaret-23-scaled.jpg\"\n    data-image=\"https:\/\/theeventcancun.com\/wp-content\/uploads\/2026\/01\/xcaret-23-scaled.jpg\">\n\n<img decoding=\"async\" alt=\"\"\n   src=\"https:\/\/theeventcancun.com\/wp-content\/uploads\/2026\/01\/xcaret-28-scaled.jpg\"\n    data-image=\"https:\/\/theeventcancun.com\/wp-content\/uploads\/2026\/01\/xcaret-28-scaled.jpg\">\n\n<img decoding=\"async\" alt=\"\"\n   src=\"https:\/\/theeventcancun.com\/wp-content\/uploads\/2026\/01\/xcaret-5-scaled.jpg\"\n    data-image=\"https:\/\/theeventcancun.com\/wp-content\/uploads\/2026\/01\/xcaret-5-scaled.jpg\">\n\n<img decoding=\"async\" alt=\"\"\n   src=\"https:\/\/theeventcancun.com\/wp-content\/uploads\/2026\/01\/WhatsApp-Image-2026-01-20-at-16.54.30-2.jpeg\"\n    data-image=\"https:\/\/theeventcancun.com\/wp-content\/uploads\/2026\/01\/WhatsApp-Image-2026-01-20-at-16.54.30-2.jpeg\">\n\n<img decoding=\"async\" alt=\"\"\n   src=\"https:\/\/theeventcancun.com\/wp-content\/uploads\/2026\/01\/WhatsApp-Image-2026-01-20-at-16.54.30-1.jpeg\"\n    data-image=\"https:\/\/theeventcancun.com\/wp-content\/uploads\/2026\/01\/WhatsApp-Image-2026-01-20-at-16.54.30-1.jpeg\">\n\n  \n<\/div>\n\t\t\t<!-- end Masonry Gallery -->\t\t<\/div>\n\t\t\t\t<\/div>\n\t\t\t\t\t<\/div>\n\t\t\t\t<\/div>\n\t\t\t\t<\/section>\n\t\t\t\t\t\t\t<\/div>","protected":false},"excerpt":{"rendered":"<p>Nuestros clientes<\/p>","protected":false},"author":1,"featured_media":0,"parent":0,"menu_order":0,"comment_status":"closed","ping_status":"closed","template":"","meta":{"site-sidebar-layout":"no-sidebar","site-content-layout":"page-builder","ast-global-header-display":"","ast-banner-title-visibility":"","ast-main-header-display":"","ast-hfb-above-header-display":"","ast-hfb-below-header-display":"","ast-hfb-mobile-header-display":"","site-post-title":"disabled","ast-breadcrumbs-content":"","ast-featured-img":"disabled","footer-sml-layout":"","theme-transparent-header-meta":"default","adv-header-id-meta":"","stick-header-meta":"","header-above-stick-meta":"","header-main-stick-meta":"","header-below-stick-meta":""},"yoast_head":"<!-- This site is optimized with the Yoast SEO plugin v20.11 - https:\/\/yoast.com\/wordpress\/plugins\/seo\/ -->\n<title>Gallery | The Event Canc\u00fan<\/title>\n<meta name=\"description\" content=\"Discover our incredible client gallery and be amazed by the memorable events we have created in Cancun.\" \/>\n<meta name=\"robots\" content=\"index, follow, max-snippet:-1, max-image-preview:large, max-video-preview:-1\" \/>\n<link rel=\"canonical\" href=\"https:\/\/theeventcancun.com\/es\/galeria\/\" \/>\n<meta property=\"og:locale\" content=\"es_MX\" \/>\n<meta property=\"og:type\" content=\"article\" \/>\n<meta property=\"og:title\" content=\"Gallery | The Event Canc\u00fan\" \/>\n<meta property=\"og:description\" content=\"Discover our incredible client gallery and be amazed by the memorable events we have created in Cancun.\" \/>\n<meta property=\"og:url\" content=\"https:\/\/theeventcancun.com\/es\/galeria\/\" \/>\n<meta property=\"og:site_name\" content=\"The Event Canc\u00fan\" \/>\n<meta property=\"article:modified_time\" content=\"2026-01-21T04:11:26+00:00\" \/>\n<meta property=\"og:image\" content=\"https:\/\/theeventcancun.com\/wp-content\/plugins\/unlimited-elements-for-elementor-premium\/images\/placeholder.png\" \/>\n<meta name=\"twitter:card\" content=\"summary_large_image\" \/>\n<meta name=\"twitter:title\" content=\"Gallery | The Event Canc\u00fan\" \/>\n<meta name=\"twitter:description\" content=\"Discover our incredible client gallery and be amazed by the memorable events we have created in Cancun.\" \/>\n<meta name=\"twitter:label1\" content=\"Tiempo de lectura\" \/>\n\t<meta name=\"twitter:data1\" content=\"7 minutos\" \/>\n<script type=\"application\/ld+json\" class=\"yoast-schema-graph\">{\"@context\":\"https:\/\/schema.org\",\"@graph\":[{\"@type\":\"WebPage\",\"@id\":\"https:\/\/theeventcancun.com\/gallery\/\",\"url\":\"https:\/\/theeventcancun.com\/gallery\/\",\"name\":\"Gallery | The Event Canc\u00fan\",\"isPartOf\":{\"@id\":\"https:\/\/theeventcancun.com\/#website\"},\"datePublished\":\"2023-05-09T00:41:31+00:00\",\"dateModified\":\"2026-01-21T04:11:26+00:00\",\"description\":\"Discover our incredible client gallery and be amazed by the memorable events we have created in Cancun.\",\"breadcrumb\":{\"@id\":\"https:\/\/theeventcancun.com\/gallery\/#breadcrumb\"},\"inLanguage\":\"es-MX\",\"potentialAction\":[{\"@type\":\"ReadAction\",\"target\":[\"https:\/\/theeventcancun.com\/gallery\/\"]}]},{\"@type\":\"BreadcrumbList\",\"@id\":\"https:\/\/theeventcancun.com\/gallery\/#breadcrumb\",\"itemListElement\":[{\"@type\":\"ListItem\",\"position\":1,\"name\":\"Portada\",\"item\":\"https:\/\/theeventcancun.com\/\"},{\"@type\":\"ListItem\",\"position\":2,\"name\":\"Gallery\"}]},{\"@type\":\"WebSite\",\"@id\":\"https:\/\/theeventcancun.com\/#website\",\"url\":\"https:\/\/theeventcancun.com\/\",\"name\":\"The Event Canc\u00fan\",\"description\":\"\",\"potentialAction\":[{\"@type\":\"SearchAction\",\"target\":{\"@type\":\"EntryPoint\",\"urlTemplate\":\"https:\/\/theeventcancun.com\/?s={search_term_string}\"},\"query-input\":\"required name=search_term_string\"}],\"inLanguage\":\"es-MX\"}]}<\/script>\n<!-- \/ Yoast SEO plugin. -->","yoast_head_json":{"title":"Galer\u00eda | The Event Canc\u00fan","description":"Descubre nuestra incre\u00edble galer\u00eda de clientes y sorpr\u00e9ndete con los eventos memorables que hemos creado en Canc\u00fan.","robots":{"index":"index","follow":"follow","max-snippet":"max-snippet:-1","max-image-preview":"max-image-preview:large","max-video-preview":"max-video-preview:-1"},"canonical":"https:\/\/theeventcancun.com\/es\/galeria\/","og_locale":"es_MX","og_type":"article","og_title":"Gallery | The Event Canc\u00fan","og_description":"Discover our incredible client gallery and be amazed by the memorable events we have created in Cancun.","og_url":"https:\/\/theeventcancun.com\/es\/galeria\/","og_site_name":"The Event Canc\u00fan","article_modified_time":"2026-01-21T04:11:26+00:00","og_image":[{"url":"https:\/\/theeventcancun.com\/wp-content\/plugins\/unlimited-elements-for-elementor-premium\/images\/placeholder.png"}],"twitter_card":"summary_large_image","twitter_title":"Gallery | The Event Canc\u00fan","twitter_description":"Discover our incredible client gallery and be amazed by the memorable events we have created in Cancun.","twitter_misc":{"Tiempo de lectura":"7 minutos"},"schema":{"@context":"https:\/\/schema.org","@graph":[{"@type":"WebPage","@id":"https:\/\/theeventcancun.com\/gallery\/","url":"https:\/\/theeventcancun.com\/gallery\/","name":"Galer\u00eda | The Event Canc\u00fan","isPartOf":{"@id":"https:\/\/theeventcancun.com\/#website"},"datePublished":"2023-05-09T00:41:31+00:00","dateModified":"2026-01-21T04:11:26+00:00","description":"Descubre nuestra incre\u00edble galer\u00eda de clientes y sorpr\u00e9ndete con los eventos memorables que hemos creado en Canc\u00fan.","breadcrumb":{"@id":"https:\/\/theeventcancun.com\/gallery\/#breadcrumb"},"inLanguage":"es-MX","potentialAction":[{"@type":"ReadAction","target":["https:\/\/theeventcancun.com\/gallery\/"]}]},{"@type":"BreadcrumbList","@id":"https:\/\/theeventcancun.com\/gallery\/#breadcrumb","itemListElement":[{"@type":"ListItem","position":1,"name":"Portada","item":"https:\/\/theeventcancun.com\/"},{"@type":"ListItem","position":2,"name":"Gallery"}]},{"@type":"WebSite","@id":"https:\/\/theeventcancun.com\/#website","url":"https:\/\/theeventcancun.com\/","name":"The Event Canc\u00fan","description":"","potentialAction":[{"@type":"SearchAction","target":{"@type":"EntryPoint","urlTemplate":"https:\/\/theeventcancun.com\/?s={search_term_string}"},"query-input":"required name=search_term_string"}],"inLanguage":"es-MX"}]}},"_links":{"self":[{"href":"https:\/\/theeventcancun.com\/es\/wp-json\/wp\/v2\/pages\/652"}],"collection":[{"href":"https:\/\/theeventcancun.com\/es\/wp-json\/wp\/v2\/pages"}],"about":[{"href":"https:\/\/theeventcancun.com\/es\/wp-json\/wp\/v2\/types\/page"}],"author":[{"embeddable":true,"href":"https:\/\/theeventcancun.com\/es\/wp-json\/wp\/v2\/users\/1"}],"replies":[{"embeddable":true,"href":"https:\/\/theeventcancun.com\/es\/wp-json\/wp\/v2\/comments?post=652"}],"version-history":[{"count":82,"href":"https:\/\/theeventcancun.com\/es\/wp-json\/wp\/v2\/pages\/652\/revisions"}],"predecessor-version":[{"id":1231,"href":"https:\/\/theeventcancun.com\/es\/wp-json\/wp\/v2\/pages\/652\/revisions\/1231"}],"wp:attachment":[{"href":"https:\/\/theeventcancun.com\/es\/wp-json\/wp\/v2\/media?parent=652"}],"curies":[{"name":"wp","href":"https:\/\/api.w.org\/{rel}","templated":true}]}}