{"id":183,"date":"2023-05-03T03:03:59","date_gmt":"2023-05-03T03:03:59","guid":{"rendered":"https:\/\/theeventcancun.com\/nosotros-2\/"},"modified":"2023-05-28T20:53:10","modified_gmt":"2023-05-28T20:53:10","slug":"about-us","status":"publish","type":"page","link":"https:\/\/theeventcancun.com\/es\/nosotros\/","title":{"rendered":"Nosotros"},"content":{"rendered":"<div data-elementor-type=\"wp-page\" data-elementor-id=\"183\" class=\"elementor elementor-183\" data-elementor-post-type=\"page\">\n\t\t\t\t\t\t\t<section class=\"elementor-element elementor-element-4a79442b ken_b_center e-flex e-con-boxed e-con\" data-id=\"4a79442b\" data-element_type=\"container\" data-settings=\"{&quot;background_background&quot;:&quot;classic&quot;,&quot;content_width&quot;:&quot;boxed&quot;}\">\n\t\t\t\t\t<div class=\"e-con-inner\">\n\t\t<div class=\"elementor-element elementor-element-65f8585b e-flex e-con-boxed e-con\" data-id=\"65f8585b\" data-element_type=\"container\" data-settings=\"{&quot;content_width&quot;:&quot;boxed&quot;}\">\n\t\t\t\t\t<div class=\"e-con-inner\">\n\t\t\t\t<div class=\"elementor-element elementor-element-ee9034d animated-slow elementor-invisible elementor-widget elementor-widget-heading\" data-id=\"ee9034d\" data-element_type=\"widget\" data-settings=\"{&quot;_animation&quot;:&quot;fadeIn&quot;}\" data-widget_type=\"heading.default\">\n\t\t\t\t<div class=\"elementor-widget-container\">\n\t\t\t<style>\/*! elementor - v3.14.0 - 18-06-2023 *\/\n.elementor-heading-title{padding:0;margin:0;line-height:1}.elementor-widget-heading .elementor-heading-title[class*=elementor-size-]>a{color:inherit;font-size:inherit;line-height:inherit}.elementor-widget-heading .elementor-heading-title.elementor-size-small{font-size:15px}.elementor-widget-heading .elementor-heading-title.elementor-size-medium{font-size:19px}.elementor-widget-heading .elementor-heading-title.elementor-size-large{font-size:29px}.elementor-widget-heading .elementor-heading-title.elementor-size-xl{font-size:39px}.elementor-widget-heading .elementor-heading-title.elementor-size-xxl{font-size:59px}<\/style><h1 class=\"elementor-heading-title elementor-size-default\">Eventos en Canc\u00fan: Experiencias Memorables<\/h1>\t\t<\/div>\n\t\t\t\t<\/div>\n\t\t\t\t\t<\/div>\n\t\t\t\t<\/div>\n\t\t\t\t\t<\/div>\n\t\t\t\t<\/section>\n\t\t<section class=\"elementor-element elementor-element-2f6b9159 e-flex e-con-boxed e-con\" data-id=\"2f6b9159\" data-element_type=\"container\" data-settings=\"{&quot;content_width&quot;:&quot;boxed&quot;}\">\n\t\t\t\t\t<div class=\"e-con-inner\">\n\t\t\t\t<div class=\"elementor-element elementor-element-6425b39e animated-slow elementor-invisible elementor-widget elementor-widget-heading\" data-id=\"6425b39e\" data-element_type=\"widget\" data-settings=\"{&quot;_animation&quot;:&quot;fadeIn&quot;}\" data-widget_type=\"heading.default\">\n\t\t\t\t<div class=\"elementor-widget-container\">\n\t\t\t<span class=\"elementor-heading-title elementor-size-default\">La vida no es la cantidad de veces que respiras, sino los momentos que te dejan sin aliento.<\/span>\t\t<\/div>\n\t\t\t\t<\/div>\n\t\t\t\t\t<\/div>\n\t\t\t\t<\/section>\n\t\t<section class=\"elementor-element elementor-element-65548ec2 e-con-full e-flex e-con\" data-id=\"65548ec2\" data-element_type=\"container\" data-settings=\"{&quot;content_width&quot;:&quot;full&quot;}\">\n\t\t<div class=\"elementor-element elementor-element-77567b27 e-con-full e-flex e-con\" data-id=\"77567b27\" data-element_type=\"container\" data-settings=\"{&quot;content_width&quot;:&quot;full&quot;}\">\n\t\t<div class=\"elementor-element elementor-element-7791209f e-con-full animated-slow e-flex elementor-invisible e-con\" data-id=\"7791209f\" data-element_type=\"container\" data-settings=\"{&quot;content_width&quot;:&quot;full&quot;,&quot;animation&quot;:&quot;fadeInLeft&quot;}\">\n\t\t\t\t<div class=\"elementor-element elementor-element-7d34a6a6 elementor-widget elementor-widget-image\" data-id=\"7d34a6a6\" data-element_type=\"widget\" data-widget_type=\"image.default\">\n\t\t\t\t<div class=\"elementor-widget-container\">\n\t\t\t<style>\/*! elementor - v3.14.0 - 18-06-2023 *\/\n.elementor-widget-image{text-align:center}.elementor-widget-image a{display:inline-block}.elementor-widget-image a img[src$=\".svg\"]{width:48px}.elementor-widget-image img{vertical-align:middle;display:inline-block}<\/style>\t\t\t\t\t\t\t\t\t\t\t\t<img decoding=\"async\" width=\"649\" height=\"400\" src=\"https:\/\/theeventcancun.com\/wp-content\/uploads\/2023\/05\/image-5.jpg\" class=\"attachment-full size-full wp-image-119\" alt=\"\" srcset=\"https:\/\/theeventcancun.com\/wp-content\/uploads\/2023\/05\/image-5.jpg 649w, https:\/\/theeventcancun.com\/wp-content\/uploads\/2023\/05\/image-5-300x185.jpg 300w, https:\/\/theeventcancun.com\/wp-content\/uploads\/2023\/05\/image-5-18x12.jpg 18w\" sizes=\"(max-width: 649px) 100vw, 649px\" \/>\t\t\t\t\t\t\t\t\t\t\t\t\t\t\t<\/div>\n\t\t\t\t<\/div>\n\t\t\t\t<\/div>\n\t\t<div class=\"elementor-element elementor-element-71489aa3 e-con-full e-flex e-con\" data-id=\"71489aa3\" data-element_type=\"container\" data-settings=\"{&quot;content_width&quot;:&quot;full&quot;}\">\n\t\t\t\t<div class=\"elementor-element elementor-element-7e0620a1 animated-slow elementor-invisible elementor-widget elementor-widget-heading\" data-id=\"7e0620a1\" data-element_type=\"widget\" data-settings=\"{&quot;_animation&quot;:&quot;fadeIn&quot;}\" data-widget_type=\"heading.default\">\n\t\t\t\t<div class=\"elementor-widget-container\">\n\t\t\t<h3 class=\"elementor-heading-title elementor-size-default\">Agencia Creativa en Canc\u00fan<\/h3>\t\t<\/div>\n\t\t\t\t<\/div>\n\t\t\t\t<div class=\"elementor-element elementor-element-3c76b0d elementor-widget elementor-widget-heading\" data-id=\"3c76b0d\" data-element_type=\"widget\" data-widget_type=\"heading.default\">\n\t\t\t\t<div class=\"elementor-widget-container\">\n\t\t\t<p class=\"elementor-heading-title elementor-size-default\">Somos una compa\u00f1\u00eda fundada en el 2009. Por m\u00e1s de 11 a\u00f1os hemos dado un significado al nombre de nuestra compa\u00f1\u00eda y para nosotros el significado de THE EVENT CANC\u00daN lo es todo.<\/p>\t\t<\/div>\n\t\t\t\t<\/div>\n\t\t\t\t<div class=\"elementor-element elementor-element-0ea118c elementor-widget elementor-widget-heading\" data-id=\"0ea118c\" data-element_type=\"widget\" data-widget_type=\"heading.default\">\n\t\t\t\t<div class=\"elementor-widget-container\">\n\t\t\t<p class=\"elementor-heading-title elementor-size-default\">Sabemos lo importante que es ese momento que dejar\u00e1 marcada tu vida. Estamos con ustedes desde la planeaci\u00f3n hasta finalizar su evento, siempre tratando de lograr sus expectativas, manejando solo equipos profesionales con la mejor calidad as\u00ed como DJ'S, m\u00fasicos y m\u00e1s.<\/p>\t\t<\/div>\n\t\t\t\t<\/div>\n\t\t\t\t<\/div>\n\t\t\t\t<\/div>\n\t\t\t\t<\/section>\n\t\t<div class=\"elementor-element elementor-element-731f9781 e-con-full e-flex e-con\" data-id=\"731f9781\" data-element_type=\"container\" data-settings=\"{&quot;content_width&quot;:&quot;full&quot;}\">\n\t\t<div class=\"elementor-element elementor-element-3b3e95b e-con-full e-flex e-con\" data-id=\"3b3e95b\" data-element_type=\"container\" data-settings=\"{&quot;content_width&quot;:&quot;full&quot;}\">\n\t\t<div class=\"elementor-element elementor-element-40a3c0de e-con-full e-flex e-con\" data-id=\"40a3c0de\" data-element_type=\"container\" data-settings=\"{&quot;content_width&quot;:&quot;full&quot;}\">\n\t\t\t\t<div class=\"elementor-element elementor-element-7e2da72 animated-slow elementor-invisible elementor-widget elementor-widget-heading\" data-id=\"7e2da72\" data-element_type=\"widget\" data-settings=\"{&quot;_animation&quot;:&quot;fadeIn&quot;}\" data-widget_type=\"heading.default\">\n\t\t\t\t<div class=\"elementor-widget-container\">\n\t\t\t<h3 class=\"elementor-heading-title elementor-size-default\">Eventos excepcionales en Canc\u00fan<\/h3>\t\t<\/div>\n\t\t\t\t<\/div>\n\t\t\t\t<div class=\"elementor-element elementor-element-40774d45 elementor-widget elementor-widget-heading\" data-id=\"40774d45\" data-element_type=\"widget\" data-widget_type=\"heading.default\">\n\t\t\t\t<div class=\"elementor-widget-container\">\n\t\t\t<p class=\"elementor-heading-title elementor-size-default\">Haz de tu evento un \u00e9xito absoluto en Canc\u00fan. Cont\u00e1ctanos hoy mismo y d\u00e9janos crear una experiencia memorable y llena de encanto.<\/p>\t\t<\/div>\n\t\t\t\t<\/div>\n\t\t\t\t<div class=\"elementor-element elementor-element-29652fdd elementor-align-left animated-slow elementor-mobile-align-justify elementor-invisible elementor-widget elementor-widget-button\" data-id=\"29652fdd\" data-element_type=\"widget\" data-settings=\"{&quot;_animation&quot;:&quot;slideInUp&quot;}\" data-widget_type=\"button.default\">\n\t\t\t\t<div class=\"elementor-widget-container\">\n\t\t\t\t\t<div class=\"elementor-button-wrapper\">\n\t\t\t<a class=\"elementor-button elementor-button-link elementor-size-sm\" href=\"https:\/\/theeventcancun.com\/es\/contacto\/\">\n\t\t\t\t\t\t<span class=\"elementor-button-content-wrapper\">\n\t\t\t\t\t\t<span class=\"elementor-button-text\">Cont\u00e1ctanos<\/span>\n\t\t<\/span>\n\t\t\t\t\t<\/a>\n\t\t<\/div>\n\t\t\t\t<\/div>\n\t\t\t\t<\/div>\n\t\t\t\t<\/div>\n\t\t<div class=\"elementor-element elementor-element-33c11278 e-con-full animated-slow e-flex elementor-invisible e-con\" data-id=\"33c11278\" data-element_type=\"container\" data-settings=\"{&quot;content_width&quot;:&quot;full&quot;,&quot;animation&quot;:&quot;fadeInRight&quot;}\">\n\t\t\t\t<div class=\"elementor-element elementor-element-70c3ad0b elementor-widget elementor-widget-image\" data-id=\"70c3ad0b\" data-element_type=\"widget\" data-widget_type=\"image.default\">\n\t\t\t\t<div class=\"elementor-widget-container\">\n\t\t\t\t\t\t\t\t\t\t\t\t\t\t\t<img decoding=\"async\" width=\"599\" height=\"400\" src=\"https:\/\/theeventcancun.com\/wp-content\/uploads\/2023\/05\/image-2.jpg\" class=\"attachment-full size-full wp-image-123\" alt=\"\" srcset=\"https:\/\/theeventcancun.com\/wp-content\/uploads\/2023\/05\/image-2.jpg 599w, https:\/\/theeventcancun.com\/wp-content\/uploads\/2023\/05\/image-2-300x200.jpg 300w, https:\/\/theeventcancun.com\/wp-content\/uploads\/2023\/05\/image-2-18x12.jpg 18w\" sizes=\"(max-width: 599px) 100vw, 599px\" \/>\t\t\t\t\t\t\t\t\t\t\t\t\t\t\t<\/div>\n\t\t\t\t<\/div>\n\t\t\t\t<\/div>\n\t\t\t\t<\/div>\n\t\t\t\t<\/div>\n\t\t\t\t\t\t\t<\/div>","protected":false},"excerpt":{"rendered":"<p>Events in Cancun: Memorable Experiences Life is not the number of breaths you take, but the moments that take your breath away. Creative Agency in Cancun We are a company founded in 2009. For more than 11 years we have given meaning to the name of our company and for us the meaning of THE &hellip;<\/p>\n<p class=\"read-more\"> <a class=\"\" href=\"https:\/\/theeventcancun.com\/es\/nosotros\/\"> <span class=\"screen-reader-text\">Nosotros<\/span> Leer m\u00e1s &raquo;<\/a><\/p>","protected":false},"author":1,"featured_media":0,"parent":0,"menu_order":0,"comment_status":"closed","ping_status":"closed","template":"","meta":{"site-sidebar-layout":"no-sidebar","site-content-layout":"page-builder","ast-global-header-display":"","ast-banner-title-visibility":"","ast-main-header-display":"","ast-hfb-above-header-display":"","ast-hfb-below-header-display":"","ast-hfb-mobile-header-display":"","site-post-title":"disabled","ast-breadcrumbs-content":"","ast-featured-img":"disabled","footer-sml-layout":"","theme-transparent-header-meta":"default","adv-header-id-meta":"","stick-header-meta":"","header-above-stick-meta":"","header-main-stick-meta":"","header-below-stick-meta":""},"yoast_head":"<!-- This site is optimized with the Yoast SEO plugin v20.11 - https:\/\/yoast.com\/wordpress\/plugins\/seo\/ -->\n<title>About us | The Event Canc\u00fan<\/title>\n<meta name=\"description\" content=\"Learn more about our history and what we do to help you create the best event for you and your loved ones.\" \/>\n<meta name=\"robots\" content=\"index, follow, max-snippet:-1, max-image-preview:large, max-video-preview:-1\" \/>\n<link rel=\"canonical\" href=\"https:\/\/theeventcancun.com\/es\/nosotros\/\" \/>\n<meta property=\"og:locale\" content=\"es_MX\" \/>\n<meta property=\"og:type\" content=\"article\" \/>\n<meta property=\"og:title\" content=\"About us | The Event Canc\u00fan\" \/>\n<meta property=\"og:description\" content=\"Learn more about our history and what we do to help you create the best event for you and your loved ones.\" \/>\n<meta property=\"og:url\" content=\"https:\/\/theeventcancun.com\/es\/nosotros\/\" \/>\n<meta property=\"og:site_name\" content=\"The Event Canc\u00fan\" \/>\n<meta property=\"article:modified_time\" content=\"2023-05-28T20:53:10+00:00\" \/>\n<meta property=\"og:image\" content=\"https:\/\/theeventcancun.com\/wp-content\/uploads\/2023\/05\/image-5.jpg\" \/>\n<meta name=\"twitter:card\" content=\"summary_large_image\" \/>\n<meta name=\"twitter:title\" content=\"About us | The Event Canc\u00fan\" \/>\n<meta name=\"twitter:description\" content=\"Learn more about our history and what we do to help you create the best event for you and your loved ones.\" \/>\n<meta name=\"twitter:label1\" content=\"Tiempo de lectura\" \/>\n\t<meta name=\"twitter:data1\" content=\"2 minutos\" \/>\n<script type=\"application\/ld+json\" class=\"yoast-schema-graph\">{\"@context\":\"https:\/\/schema.org\",\"@graph\":[{\"@type\":\"WebPage\",\"@id\":\"https:\/\/theeventcancun.com\/about-us\/\",\"url\":\"https:\/\/theeventcancun.com\/about-us\/\",\"name\":\"About us | The Event Canc\u00fan\",\"isPartOf\":{\"@id\":\"https:\/\/theeventcancun.com\/#website\"},\"datePublished\":\"2023-05-03T03:03:59+00:00\",\"dateModified\":\"2023-05-28T20:53:10+00:00\",\"description\":\"Learn more about our history and what we do to help you create the best event for you and your loved ones.\",\"breadcrumb\":{\"@id\":\"https:\/\/theeventcancun.com\/about-us\/#breadcrumb\"},\"inLanguage\":\"es-MX\",\"potentialAction\":[{\"@type\":\"ReadAction\",\"target\":[\"https:\/\/theeventcancun.com\/about-us\/\"]}]},{\"@type\":\"BreadcrumbList\",\"@id\":\"https:\/\/theeventcancun.com\/about-us\/#breadcrumb\",\"itemListElement\":[{\"@type\":\"ListItem\",\"position\":1,\"name\":\"Portada\",\"item\":\"https:\/\/theeventcancun.com\/\"},{\"@type\":\"ListItem\",\"position\":2,\"name\":\"About us\"}]},{\"@type\":\"WebSite\",\"@id\":\"https:\/\/theeventcancun.com\/#website\",\"url\":\"https:\/\/theeventcancun.com\/\",\"name\":\"The Event Canc\u00fan\",\"description\":\"\",\"potentialAction\":[{\"@type\":\"SearchAction\",\"target\":{\"@type\":\"EntryPoint\",\"urlTemplate\":\"https:\/\/theeventcancun.com\/?s={search_term_string}\"},\"query-input\":\"required name=search_term_string\"}],\"inLanguage\":\"es-MX\"}]}<\/script>\n<!-- \/ Yoast SEO plugin. -->","yoast_head_json":{"title":"Nosotros | The Event Canc\u00fan","description":"Conoce un poco mas sobre nuestra historia y lo que hacemos para ayudarte a crear el mejor evento para ti y tus cercanos.","robots":{"index":"index","follow":"follow","max-snippet":"max-snippet:-1","max-image-preview":"max-image-preview:large","max-video-preview":"max-video-preview:-1"},"canonical":"https:\/\/theeventcancun.com\/es\/nosotros\/","og_locale":"es_MX","og_type":"article","og_title":"About us | The Event Canc\u00fan","og_description":"Learn more about our history and what we do to help you create the best event for you and your loved ones.","og_url":"https:\/\/theeventcancun.com\/es\/nosotros\/","og_site_name":"The Event Canc\u00fan","article_modified_time":"2023-05-28T20:53:10+00:00","og_image":[{"url":"https:\/\/theeventcancun.com\/wp-content\/uploads\/2023\/05\/image-5.jpg"}],"twitter_card":"summary_large_image","twitter_title":"About us | The Event Canc\u00fan","twitter_description":"Learn more about our history and what we do to help you create the best event for you and your loved ones.","twitter_misc":{"Tiempo de lectura":"2 minutos"},"schema":{"@context":"https:\/\/schema.org","@graph":[{"@type":"WebPage","@id":"https:\/\/theeventcancun.com\/about-us\/","url":"https:\/\/theeventcancun.com\/about-us\/","name":"Nosotros | The Event Canc\u00fan","isPartOf":{"@id":"https:\/\/theeventcancun.com\/#website"},"datePublished":"2023-05-03T03:03:59+00:00","dateModified":"2023-05-28T20:53:10+00:00","description":"Conoce un poco mas sobre nuestra historia y lo que hacemos para ayudarte a crear el mejor evento para ti y tus cercanos.","breadcrumb":{"@id":"https:\/\/theeventcancun.com\/about-us\/#breadcrumb"},"inLanguage":"es-MX","potentialAction":[{"@type":"ReadAction","target":["https:\/\/theeventcancun.com\/about-us\/"]}]},{"@type":"BreadcrumbList","@id":"https:\/\/theeventcancun.com\/about-us\/#breadcrumb","itemListElement":[{"@type":"ListItem","position":1,"name":"Portada","item":"https:\/\/theeventcancun.com\/"},{"@type":"ListItem","position":2,"name":"About us"}]},{"@type":"WebSite","@id":"https:\/\/theeventcancun.com\/#website","url":"https:\/\/theeventcancun.com\/","name":"The Event Canc\u00fan","description":"","potentialAction":[{"@type":"SearchAction","target":{"@type":"EntryPoint","urlTemplate":"https:\/\/theeventcancun.com\/?s={search_term_string}"},"query-input":"required name=search_term_string"}],"inLanguage":"es-MX"}]}},"_links":{"self":[{"href":"https:\/\/theeventcancun.com\/es\/wp-json\/wp\/v2\/pages\/183"}],"collection":[{"href":"https:\/\/theeventcancun.com\/es\/wp-json\/wp\/v2\/pages"}],"about":[{"href":"https:\/\/theeventcancun.com\/es\/wp-json\/wp\/v2\/types\/page"}],"author":[{"embeddable":true,"href":"https:\/\/theeventcancun.com\/es\/wp-json\/wp\/v2\/users\/1"}],"replies":[{"embeddable":true,"href":"https:\/\/theeventcancun.com\/es\/wp-json\/wp\/v2\/comments?post=183"}],"version-history":[{"count":72,"href":"https:\/\/theeventcancun.com\/es\/wp-json\/wp\/v2\/pages\/183\/revisions"}],"predecessor-version":[{"id":987,"href":"https:\/\/theeventcancun.com\/es\/wp-json\/wp\/v2\/pages\/183\/revisions\/987"}],"wp:attachment":[{"href":"https:\/\/theeventcancun.com\/es\/wp-json\/wp\/v2\/media?parent=183"}],"curies":[{"name":"wp","href":"https:\/\/api.w.org\/{rel}","templated":true}]}}