{"id":174,"date":"2023-05-03T03:03:59","date_gmt":"2023-05-03T03:03:59","guid":{"rendered":"https:\/\/theeventcancun.com\/politicas-de-privacidad-2\/"},"modified":"2023-06-01T19:54:17","modified_gmt":"2023-06-01T19:54:17","slug":"privacy-policy","status":"publish","type":"page","link":"https:\/\/theeventcancun.com\/es\/politicas-privacidad\/","title":{"rendered":"Pol\u00edticas de Privacidad"},"content":{"rendered":"<div data-elementor-type=\"wp-page\" data-elementor-id=\"174\" class=\"elementor elementor-174\" data-elementor-post-type=\"page\">\n\t\t\t\t\t\t\t<section class=\"elementor-element elementor-element-35e2febb e-con-full e-flex e-con\" data-id=\"35e2febb\" data-element_type=\"container\" data-settings=\"{&quot;content_width&quot;:&quot;full&quot;}\">\n\t\t<div class=\"elementor-element elementor-element-7c001e0d e-flex e-con-boxed e-con\" data-id=\"7c001e0d\" data-element_type=\"container\" data-settings=\"{&quot;content_width&quot;:&quot;boxed&quot;}\">\n\t\t\t\t\t<div class=\"e-con-inner\">\n\t\t\t\t<div class=\"elementor-element elementor-element-4427e3b5 animated-slow elementor-invisible elementor-widget elementor-widget-heading\" data-id=\"4427e3b5\" data-element_type=\"widget\" data-settings=\"{&quot;_animation&quot;:&quot;fadeIn&quot;}\" data-widget_type=\"heading.default\">\n\t\t\t\t<div class=\"elementor-widget-container\">\n\t\t\t<style>\/*! elementor - v3.14.0 - 18-06-2023 *\/\n.elementor-heading-title{padding:0;margin:0;line-height:1}.elementor-widget-heading .elementor-heading-title[class*=elementor-size-]>a{color:inherit;font-size:inherit;line-height:inherit}.elementor-widget-heading .elementor-heading-title.elementor-size-small{font-size:15px}.elementor-widget-heading .elementor-heading-title.elementor-size-medium{font-size:19px}.elementor-widget-heading .elementor-heading-title.elementor-size-large{font-size:29px}.elementor-widget-heading .elementor-heading-title.elementor-size-xl{font-size:39px}.elementor-widget-heading .elementor-heading-title.elementor-size-xxl{font-size:59px}<\/style><h1 class=\"elementor-heading-title elementor-size-default\">Pol\u00edticas de Privacidad<\/h1>\t\t<\/div>\n\t\t\t\t<\/div>\n\t\t\t\t<div class=\"elementor-element elementor-element-eceac04 elementor-widget elementor-widget-heading\" data-id=\"eceac04\" data-element_type=\"widget\" data-widget_type=\"heading.default\">\n\t\t\t\t<div class=\"elementor-widget-container\">\n\t\t\t<p class=\"elementor-heading-title elementor-size-default\">THE EVENT CANC\u00daN mejor conocido como THE EVENT CANC\u00daN, con domicilio en Canc\u00fan, Quintana Roo. y portal de internet https:\/\/theeventcancun.com\/, es el responsable del uso y protecci\u00f3n de sus datos personales, y al respecto le informamos lo siguiente:<\/p>\t\t<\/div>\n\t\t\t\t<\/div>\n\t\t\t\t<div class=\"elementor-element elementor-element-648ce5e8 animated-slow elementor-invisible elementor-widget elementor-widget-heading\" data-id=\"648ce5e8\" data-element_type=\"widget\" data-settings=\"{&quot;_animation&quot;:&quot;fadeIn&quot;}\" data-widget_type=\"heading.default\">\n\t\t\t\t<div class=\"elementor-widget-container\">\n\t\t\t<h3 class=\"elementor-heading-title elementor-size-default\">\u00bfPara qu\u00e9 fines utilizaremos sus datos personales?<\/h3>\t\t<\/div>\n\t\t\t\t<\/div>\n\t\t\t\t<div class=\"elementor-element elementor-element-6e78208 elementor-widget elementor-widget-heading\" data-id=\"6e78208\" data-element_type=\"widget\" data-widget_type=\"heading.default\">\n\t\t\t\t<div class=\"elementor-widget-container\">\n\t\t\t<p class=\"elementor-heading-title elementor-size-default\">Los datos personales que recabamos de usted, los utilizaremos para las siguientes finalidades que son necesarias para el servicio que solicita:<\/p>\t\t<\/div>\n\t\t\t\t<\/div>\n\t\t\t\t<div class=\"elementor-element elementor-element-c60b982 elementor-widget elementor-widget-heading\" data-id=\"c60b982\" data-element_type=\"widget\" data-widget_type=\"heading.default\">\n\t\t\t\t<div class=\"elementor-widget-container\">\n\t\t\t<p class=\"elementor-heading-title elementor-size-default\">Respuesta a mensajes del formulario de contacto.<\/p>\t\t<\/div>\n\t\t\t\t<\/div>\n\t\t\t\t<div class=\"elementor-element elementor-element-b3c4091 elementor-widget elementor-widget-heading\" data-id=\"b3c4091\" data-element_type=\"widget\" data-widget_type=\"heading.default\">\n\t\t\t\t<div class=\"elementor-widget-container\">\n\t\t\t<p class=\"elementor-heading-title elementor-size-default\">Prestaci\u00f3n de cualquier servicio solicitado.<\/p>\t\t<\/div>\n\t\t\t\t<\/div>\n\t\t\t\t<div class=\"elementor-element elementor-element-0d21ce7 animated-slow elementor-invisible elementor-widget elementor-widget-heading\" data-id=\"0d21ce7\" data-element_type=\"widget\" data-settings=\"{&quot;_animation&quot;:&quot;fadeIn&quot;}\" data-widget_type=\"heading.default\">\n\t\t\t\t<div class=\"elementor-widget-container\">\n\t\t\t<h3 class=\"elementor-heading-title elementor-size-default\">\u00bfQu\u00e9 datos personales utilizaremos para estos fines?<\/h3>\t\t<\/div>\n\t\t\t\t<\/div>\n\t\t\t\t<div class=\"elementor-element elementor-element-a4042e7 elementor-widget elementor-widget-heading\" data-id=\"a4042e7\" data-element_type=\"widget\" data-widget_type=\"heading.default\">\n\t\t\t\t<div class=\"elementor-widget-container\">\n\t\t\t<p class=\"elementor-heading-title elementor-size-default\">Para llevar a cabo las finalidades descritas en el presente aviso de privacidad, utilizaremos los siguientes datos personales:<\/p>\t\t<\/div>\n\t\t\t\t<\/div>\n\t\t\t\t<div class=\"elementor-element elementor-element-095fd13 elementor-widget elementor-widget-heading\" data-id=\"095fd13\" data-element_type=\"widget\" data-widget_type=\"heading.default\">\n\t\t\t\t<div class=\"elementor-widget-container\">\n\t\t\t<p class=\"elementor-heading-title elementor-size-default\">Datos de identificaci\u00f3n y contacto.<\/p>\t\t<\/div>\n\t\t\t\t<\/div>\n\t\t\t\t<div class=\"elementor-element elementor-element-5cf8763 animated-slow elementor-invisible elementor-widget elementor-widget-heading\" data-id=\"5cf8763\" data-element_type=\"widget\" data-settings=\"{&quot;_animation&quot;:&quot;fadeIn&quot;}\" data-widget_type=\"heading.default\">\n\t\t\t\t<div class=\"elementor-widget-container\">\n\t\t\t<h3 class=\"elementor-heading-title elementor-size-default\">El uso de tecnolog\u00edas de rastreo en nuestro portal de internet<\/h3>\t\t<\/div>\n\t\t\t\t<\/div>\n\t\t\t\t<div class=\"elementor-element elementor-element-cf02dec elementor-widget elementor-widget-heading\" data-id=\"cf02dec\" data-element_type=\"widget\" data-widget_type=\"heading.default\">\n\t\t\t\t<div class=\"elementor-widget-container\">\n\t\t\t<p class=\"elementor-heading-title elementor-size-default\">Le informamos que en nuestra p\u00e1gina de internet utilizamos cookies, web beacons u otras tecnolog\u00edas, a trav\u00e9s de las cuales es posible monitorear su comportamiento como usuario de internet, as\u00ed como brindarle un mejor servicio y experiencia al navegar en nuestra p\u00e1gina. Los datos personales que obtenemos de estas tecnolog\u00edas de rastreo son los siguientes:<\/p>\t\t<\/div>\n\t\t\t\t<\/div>\n\t\t\t\t<div class=\"elementor-element elementor-element-af0611b elementor-widget elementor-widget-heading\" data-id=\"af0611b\" data-element_type=\"widget\" data-widget_type=\"heading.default\">\n\t\t\t\t<div class=\"elementor-widget-container\">\n\t\t\t<p class=\"elementor-heading-title elementor-size-default\">Identificadores, nombre de usuario y contrase\u00f1as de sesi\u00f3n.<\/p>\t\t<\/div>\n\t\t\t\t<\/div>\n\t\t\t\t<div class=\"elementor-element elementor-element-ec676b7 elementor-widget elementor-widget-heading\" data-id=\"ec676b7\" data-element_type=\"widget\" data-widget_type=\"heading.default\">\n\t\t\t\t<div class=\"elementor-widget-container\">\n\t\t\t<p class=\"elementor-heading-title elementor-size-default\">Regi\u00f3n en la que se encuentra el usuario.<\/p>\t\t<\/div>\n\t\t\t\t<\/div>\n\t\t\t\t<div class=\"elementor-element elementor-element-c01292c elementor-widget elementor-widget-heading\" data-id=\"c01292c\" data-element_type=\"widget\" data-widget_type=\"heading.default\">\n\t\t\t\t<div class=\"elementor-widget-container\">\n\t\t\t<p class=\"elementor-heading-title elementor-size-default\">Tipo de navegador del usuario.<\/p>\t\t<\/div>\n\t\t\t\t<\/div>\n\t\t\t\t<div class=\"elementor-element elementor-element-17a3560 elementor-widget elementor-widget-heading\" data-id=\"17a3560\" data-element_type=\"widget\" data-widget_type=\"heading.default\">\n\t\t\t\t<div class=\"elementor-widget-container\">\n\t\t\t<p class=\"elementor-heading-title elementor-size-default\">Estas cookies, web beacons y otras tecnolog\u00edas pueden ser deshabilitadas. Para conocer c\u00f3mo hacerlo, consulte el men\u00fa de ayuda de su navegador. Tenga en cuenta que, en caso de desactivar las cookies, es posible que no pueda acceder a ciertas funciones personalizadas en nuestros sitio web.<\/p>\t\t<\/div>\n\t\t\t\t<\/div>\n\t\t\t\t<div class=\"elementor-element elementor-element-7b3b469 animated-slow elementor-invisible elementor-widget elementor-widget-heading\" data-id=\"7b3b469\" data-element_type=\"widget\" data-settings=\"{&quot;_animation&quot;:&quot;fadeIn&quot;}\" data-widget_type=\"heading.default\">\n\t\t\t\t<div class=\"elementor-widget-container\">\n\t\t\t<h3 class=\"elementor-heading-title elementor-size-default\">\u00bfC\u00f3mo puede conocer los cambios en este aviso de privacidad?<\/h3>\t\t<\/div>\n\t\t\t\t<\/div>\n\t\t\t\t<div class=\"elementor-element elementor-element-6500855 elementor-widget elementor-widget-heading\" data-id=\"6500855\" data-element_type=\"widget\" data-widget_type=\"heading.default\">\n\t\t\t\t<div class=\"elementor-widget-container\">\n\t\t\t<p class=\"elementor-heading-title elementor-size-default\">El presente aviso de privacidad puede sufrir modificaciones, cambios o actualizaciones derivadas de nuevos requerimientos legales; de nuestras propias necesidades por los productos o servicios que ofrecemos; de nuestras pr\u00e1cticas de privacidad; de cambios en nuestro modelo de negocio, o por otras causas. Nos comprometemos a mantener actualizado este aviso de privacidad sobre los cambios que pueda sufrir y siempre podr\u00e1 consultar las actualizaciones que existan en el sitio web https:\/\/theeventcancun.com\/.<\/p>\t\t<\/div>\n\t\t\t\t<\/div>\n\t\t\t\t<div class=\"elementor-element elementor-element-75babc7 elementor-widget elementor-widget-heading\" data-id=\"75babc7\" data-element_type=\"widget\" data-widget_type=\"heading.default\">\n\t\t\t\t<div class=\"elementor-widget-container\">\n\t\t\t<p class=\"elementor-heading-title elementor-size-default\">\u00daltima actualizaci\u00f3n de este aviso de privacidad: 18\/05\/2023<\/p>\t\t<\/div>\n\t\t\t\t<\/div>\n\t\t\t\t\t<\/div>\n\t\t\t\t<\/div>\n\t\t\t\t<\/section>\n\t\t\t\t\t\t\t<\/div>","protected":false},"excerpt":{"rendered":"<p>Privacy Policy THE EVENT CANCUN better known as THE EVENT CANCUN, domiciled in Cancun, Quintana Roo. and internet portal https:\/\/theeventcancun.com\/, is responsible for the use and protection of your personal data, and in this regard we inform you of the following: For what purposes will we use your personal data? The personal data we collect &hellip;<\/p>\n<p class=\"read-more\"> <a class=\"\" href=\"https:\/\/theeventcancun.com\/es\/politicas-privacidad\/\"> <span class=\"screen-reader-text\">Pol\u00edticas de Privacidad<\/span> Leer m\u00e1s &raquo;<\/a><\/p>","protected":false},"author":1,"featured_media":0,"parent":0,"menu_order":0,"comment_status":"closed","ping_status":"closed","template":"","meta":{"site-sidebar-layout":"no-sidebar","site-content-layout":"page-builder","ast-global-header-display":"","ast-banner-title-visibility":"","ast-main-header-display":"","ast-hfb-above-header-display":"","ast-hfb-below-header-display":"","ast-hfb-mobile-header-display":"","site-post-title":"disabled","ast-breadcrumbs-content":"","ast-featured-img":"disabled","footer-sml-layout":"","theme-transparent-header-meta":"default","adv-header-id-meta":"","stick-header-meta":"","header-above-stick-meta":"","header-main-stick-meta":"","header-below-stick-meta":""},"yoast_head":"<!-- This site is optimized with the Yoast SEO plugin v20.11 - https:\/\/yoast.com\/wordpress\/plugins\/seo\/ -->\n<title>Privacy Policy | The Event Canc\u00fan<\/title>\n<meta name=\"description\" content=\"We protect your personal data in our event services company in Cancun. Read our privacy policy.\" \/>\n<meta name=\"robots\" content=\"index, follow, max-snippet:-1, max-image-preview:large, max-video-preview:-1\" \/>\n<link rel=\"canonical\" href=\"https:\/\/theeventcancun.com\/es\/politicas-privacidad\/\" \/>\n<meta property=\"og:locale\" content=\"es_MX\" \/>\n<meta property=\"og:type\" content=\"article\" \/>\n<meta property=\"og:title\" content=\"Privacy Policy | The Event Canc\u00fan\" \/>\n<meta property=\"og:description\" content=\"We protect your personal data in our event services company in Cancun. Read our privacy policy.\" \/>\n<meta property=\"og:url\" content=\"https:\/\/theeventcancun.com\/es\/politicas-privacidad\/\" \/>\n<meta property=\"og:site_name\" content=\"The Event Canc\u00fan\" \/>\n<meta property=\"article:modified_time\" content=\"2023-06-01T19:54:17+00:00\" \/>\n<meta name=\"twitter:card\" content=\"summary_large_image\" \/>\n<meta name=\"twitter:title\" content=\"Privacy Policy | The Event Canc\u00fan\" \/>\n<meta name=\"twitter:description\" content=\"We protect your personal data in our event services company in Cancun. Read our privacy policy.\" \/>\n<meta name=\"twitter:label1\" content=\"Tiempo de lectura\" \/>\n\t<meta name=\"twitter:data1\" content=\"2 minutos\" \/>\n<script type=\"application\/ld+json\" class=\"yoast-schema-graph\">{\"@context\":\"https:\/\/schema.org\",\"@graph\":[{\"@type\":\"WebPage\",\"@id\":\"https:\/\/theeventcancun.com\/privacy-policy\/\",\"url\":\"https:\/\/theeventcancun.com\/privacy-policy\/\",\"name\":\"Privacy Policy | The Event Canc\u00fan\",\"isPartOf\":{\"@id\":\"https:\/\/theeventcancun.com\/#website\"},\"datePublished\":\"2023-05-03T03:03:59+00:00\",\"dateModified\":\"2023-06-01T19:54:17+00:00\",\"description\":\"We protect your personal data in our event services company in Cancun. Read our privacy policy.\",\"breadcrumb\":{\"@id\":\"https:\/\/theeventcancun.com\/privacy-policy\/#breadcrumb\"},\"inLanguage\":\"es-MX\",\"potentialAction\":[{\"@type\":\"ReadAction\",\"target\":[\"https:\/\/theeventcancun.com\/privacy-policy\/\"]}]},{\"@type\":\"BreadcrumbList\",\"@id\":\"https:\/\/theeventcancun.com\/privacy-policy\/#breadcrumb\",\"itemListElement\":[{\"@type\":\"ListItem\",\"position\":1,\"name\":\"Portada\",\"item\":\"https:\/\/theeventcancun.com\/\"},{\"@type\":\"ListItem\",\"position\":2,\"name\":\"Pol\u00edticas de Privacidad\"}]},{\"@type\":\"WebSite\",\"@id\":\"https:\/\/theeventcancun.com\/#website\",\"url\":\"https:\/\/theeventcancun.com\/\",\"name\":\"The Event Canc\u00fan\",\"description\":\"\",\"potentialAction\":[{\"@type\":\"SearchAction\",\"target\":{\"@type\":\"EntryPoint\",\"urlTemplate\":\"https:\/\/theeventcancun.com\/?s={search_term_string}\"},\"query-input\":\"required name=search_term_string\"}],\"inLanguage\":\"es-MX\"}]}<\/script>\n<!-- \/ Yoast SEO plugin. -->","yoast_head_json":{"title":"Pol\u00edticas de Privacidad | The Event Canc\u00fan","description":"Protegemos tus datos personales en nuestra empresa de servicios para eventos en Canc\u00fan. Lee nuestras pol\u00edticas\u00a0de\u00a0privacidad.","robots":{"index":"index","follow":"follow","max-snippet":"max-snippet:-1","max-image-preview":"max-image-preview:large","max-video-preview":"max-video-preview:-1"},"canonical":"https:\/\/theeventcancun.com\/es\/politicas-privacidad\/","og_locale":"es_MX","og_type":"article","og_title":"Privacy Policy | The Event Canc\u00fan","og_description":"We protect your personal data in our event services company in Cancun. Read our privacy policy.","og_url":"https:\/\/theeventcancun.com\/es\/politicas-privacidad\/","og_site_name":"The Event Canc\u00fan","article_modified_time":"2023-06-01T19:54:17+00:00","twitter_card":"summary_large_image","twitter_title":"Privacy Policy | The Event Canc\u00fan","twitter_description":"We protect your personal data in our event services company in Cancun. Read our privacy policy.","twitter_misc":{"Tiempo de lectura":"2 minutos"},"schema":{"@context":"https:\/\/schema.org","@graph":[{"@type":"WebPage","@id":"https:\/\/theeventcancun.com\/privacy-policy\/","url":"https:\/\/theeventcancun.com\/privacy-policy\/","name":"Pol\u00edticas de Privacidad | The Event Canc\u00fan","isPartOf":{"@id":"https:\/\/theeventcancun.com\/#website"},"datePublished":"2023-05-03T03:03:59+00:00","dateModified":"2023-06-01T19:54:17+00:00","description":"Protegemos tus datos personales en nuestra empresa de servicios para eventos en Canc\u00fan. Lee nuestras pol\u00edticas\u00a0de\u00a0privacidad.","breadcrumb":{"@id":"https:\/\/theeventcancun.com\/privacy-policy\/#breadcrumb"},"inLanguage":"es-MX","potentialAction":[{"@type":"ReadAction","target":["https:\/\/theeventcancun.com\/privacy-policy\/"]}]},{"@type":"BreadcrumbList","@id":"https:\/\/theeventcancun.com\/privacy-policy\/#breadcrumb","itemListElement":[{"@type":"ListItem","position":1,"name":"Portada","item":"https:\/\/theeventcancun.com\/"},{"@type":"ListItem","position":2,"name":"Pol\u00edticas de Privacidad"}]},{"@type":"WebSite","@id":"https:\/\/theeventcancun.com\/#website","url":"https:\/\/theeventcancun.com\/","name":"The Event Canc\u00fan","description":"","potentialAction":[{"@type":"SearchAction","target":{"@type":"EntryPoint","urlTemplate":"https:\/\/theeventcancun.com\/?s={search_term_string}"},"query-input":"required name=search_term_string"}],"inLanguage":"es-MX"}]}},"_links":{"self":[{"href":"https:\/\/theeventcancun.com\/es\/wp-json\/wp\/v2\/pages\/174"}],"collection":[{"href":"https:\/\/theeventcancun.com\/es\/wp-json\/wp\/v2\/pages"}],"about":[{"href":"https:\/\/theeventcancun.com\/es\/wp-json\/wp\/v2\/types\/page"}],"author":[{"embeddable":true,"href":"https:\/\/theeventcancun.com\/es\/wp-json\/wp\/v2\/users\/1"}],"replies":[{"embeddable":true,"href":"https:\/\/theeventcancun.com\/es\/wp-json\/wp\/v2\/comments?post=174"}],"version-history":[{"count":37,"href":"https:\/\/theeventcancun.com\/es\/wp-json\/wp\/v2\/pages\/174\/revisions"}],"predecessor-version":[{"id":1040,"href":"https:\/\/theeventcancun.com\/es\/wp-json\/wp\/v2\/pages\/174\/revisions\/1040"}],"wp:attachment":[{"href":"https:\/\/theeventcancun.com\/es\/wp-json\/wp\/v2\/media?parent=174"}],"curies":[{"name":"wp","href":"https:\/\/api.w.org\/{rel}","templated":true}]}}